{"id":673,"date":"2015-06-11T05:42:08","date_gmt":"2015-06-11T05:42:08","guid":{"rendered":"http:\/\/rhythmwp.staging.wpengine.com\/photography\/?page_id=43"},"modified":"2024-05-06T14:33:39","modified_gmt":"2024-05-06T14:33:39","slug":"events","status":"publish","type":"page","link":"https:\/\/www.giacomoastorri.com\/index.php\/events\/","title":{"rendered":"Events"},"content":{"rendered":"\r\n<p style=\"text-align: center;\">ENG<br>Specializing in event photography in the Munich and Murnau areas, I am dedicated to capturing the essence and excitement of your special occasions. With a blend of creativity and professionalism, let me document your events with precision and artistry, preserving memories that you&#8217;ll cherish for years to come.<br><br>DE<br>Als Spezialist f\u00fcr Eventfotografie in M\u00fcnchen und Murnau widme ich mich der Erfassung der Essenz und Aufregung Ihrer besonderen Anl\u00e4sse. Mit einer Mischung aus Kreativit\u00e4t und Professionalit\u00e4t dokumentiere ich Ihre Veranstaltungen mit Pr\u00e4zision und Kunstfertigkeit und bewahre Erinnerungen, die Sie f\u00fcr Jahre sch\u00e4tzen werden.<\/p>\r\n<p>&nbsp;<\/p>\r\nngg_shortcode_0_placeholder\r\n","protected":false},"excerpt":{"rendered":"","protected":false},"author":1,"featured_media":0,"parent":0,"menu_order":0,"comment_status":"closed","ping_status":"closed","template":"","meta":{"ngg_post_thumbnail":0,"footnotes":""},"class_list":["post-673","page","type-page","status-publish","hentry"],"yoast_head":"<!-- This site is optimized with the Yoast SEO plugin v27.5 - https:\/\/yoast.com\/product\/yoast-seo-wordpress\/ -->\n<title>Live Event Images<\/title>\n<meta name=\"description\" content=\"Italian Wedding and Portrait Photographer based in Berlin\" \/>\n<meta name=\"robots\" content=\"index, follow, max-snippet:-1, max-image-preview:large, max-video-preview:-1\" \/>\n<link rel=\"canonical\" href=\"https:\/\/www.giacomoastorri.com\/index.php\/events\/\" \/>\n<meta property=\"og:locale\" content=\"en_US\" \/>\n<meta property=\"og:type\" content=\"article\" \/>\n<meta property=\"og:title\" content=\"Live Event Images\" \/>\n<meta property=\"og:description\" content=\"Italian Wedding and Portrait Photographer based in Berlin\" \/>\n<meta property=\"og:url\" content=\"https:\/\/www.giacomoastorri.com\/index.php\/events\/\" \/>\n<meta property=\"og:site_name\" content=\"Giacomo Astorri\" \/>\n<meta property=\"article:modified_time\" content=\"2024-05-06T14:33:39+00:00\" \/>\n<meta name=\"twitter:card\" content=\"summary_large_image\" \/>\n<meta name=\"twitter:site\" content=\"@giacomoast\" \/>\n<meta name=\"twitter:label1\" content=\"Est. reading time\" \/>\n\t<meta name=\"twitter:data1\" content=\"1 minute\" \/>\n<script type=\"application\/ld+json\" class=\"yoast-schema-graph\">{\"@context\":\"https:\\\/\\\/schema.org\",\"@graph\":[{\"@type\":\"WebPage\",\"@id\":\"https:\\\/\\\/www.giacomoastorri.com\\\/index.php\\\/events\\\/\",\"url\":\"https:\\\/\\\/www.giacomoastorri.com\\\/index.php\\\/events\\\/\",\"name\":\"Live Event Images\",\"isPartOf\":{\"@id\":\"https:\\\/\\\/www.giacomoastorri.com\\\/#website\"},\"datePublished\":\"2015-06-11T05:42:08+00:00\",\"dateModified\":\"2024-05-06T14:33:39+00:00\",\"description\":\"Italian Wedding and Portrait Photographer based in Berlin\",\"breadcrumb\":{\"@id\":\"https:\\\/\\\/www.giacomoastorri.com\\\/index.php\\\/events\\\/#breadcrumb\"},\"inLanguage\":\"en-US\",\"potentialAction\":[{\"@type\":\"ReadAction\",\"target\":[\"https:\\\/\\\/www.giacomoastorri.com\\\/index.php\\\/events\\\/\"]}]},{\"@type\":\"BreadcrumbList\",\"@id\":\"https:\\\/\\\/www.giacomoastorri.com\\\/index.php\\\/events\\\/#breadcrumb\",\"itemListElement\":[{\"@type\":\"ListItem\",\"position\":1,\"name\":\"Home\",\"item\":\"https:\\\/\\\/www.giacomoastorri.com\\\/\"},{\"@type\":\"ListItem\",\"position\":2,\"name\":\"Events\"}]},{\"@type\":\"WebSite\",\"@id\":\"https:\\\/\\\/www.giacomoastorri.com\\\/#website\",\"url\":\"https:\\\/\\\/www.giacomoastorri.com\\\/\",\"name\":\"Giacomo Astorri Photography\",\"description\":\"Photo and Video\",\"publisher\":{\"@id\":\"https:\\\/\\\/www.giacomoastorri.com\\\/#\\\/schema\\\/person\\\/4f2ae3412bef29cb86dad4e7e7cfa4e8\"},\"potentialAction\":[{\"@type\":\"SearchAction\",\"target\":{\"@type\":\"EntryPoint\",\"urlTemplate\":\"https:\\\/\\\/www.giacomoastorri.com\\\/?s={search_term_string}\"},\"query-input\":{\"@type\":\"PropertyValueSpecification\",\"valueRequired\":true,\"valueName\":\"search_term_string\"}}],\"inLanguage\":\"en-US\"},{\"@type\":[\"Person\",\"Organization\"],\"@id\":\"https:\\\/\\\/www.giacomoastorri.com\\\/#\\\/schema\\\/person\\\/4f2ae3412bef29cb86dad4e7e7cfa4e8\",\"name\":\"admin\",\"image\":{\"@type\":\"ImageObject\",\"inLanguage\":\"en-US\",\"@id\":\"https:\\\/\\\/www.giacomoastorri.com\\\/wp-content\\\/uploads\\\/2021\\\/12\\\/cropped-galogo2018-Kopie-1.png\",\"url\":\"https:\\\/\\\/www.giacomoastorri.com\\\/wp-content\\\/uploads\\\/2021\\\/12\\\/cropped-galogo2018-Kopie-1.png\",\"contentUrl\":\"https:\\\/\\\/www.giacomoastorri.com\\\/wp-content\\\/uploads\\\/2021\\\/12\\\/cropped-galogo2018-Kopie-1.png\",\"width\":304,\"height\":108,\"caption\":\"admin\"},\"logo\":{\"@id\":\"https:\\\/\\\/www.giacomoastorri.com\\\/wp-content\\\/uploads\\\/2021\\\/12\\\/cropped-galogo2018-Kopie-1.png\"}}]}<\/script>\n<!-- \/ Yoast SEO plugin. -->","yoast_head_json":{"title":"Live Event Images","description":"Italian Wedding and Portrait Photographer based in Berlin","robots":{"index":"index","follow":"follow","max-snippet":"max-snippet:-1","max-image-preview":"max-image-preview:large","max-video-preview":"max-video-preview:-1"},"canonical":"https:\/\/www.giacomoastorri.com\/index.php\/events\/","og_locale":"en_US","og_type":"article","og_title":"Live Event Images","og_description":"Italian Wedding and Portrait Photographer based in Berlin","og_url":"https:\/\/www.giacomoastorri.com\/index.php\/events\/","og_site_name":"Giacomo Astorri","article_modified_time":"2024-05-06T14:33:39+00:00","twitter_card":"summary_large_image","twitter_site":"@giacomoast","twitter_misc":{"Est. reading time":"1 minute"},"schema":{"@context":"https:\/\/schema.org","@graph":[{"@type":"WebPage","@id":"https:\/\/www.giacomoastorri.com\/index.php\/events\/","url":"https:\/\/www.giacomoastorri.com\/index.php\/events\/","name":"Live Event Images","isPartOf":{"@id":"https:\/\/www.giacomoastorri.com\/#website"},"datePublished":"2015-06-11T05:42:08+00:00","dateModified":"2024-05-06T14:33:39+00:00","description":"Italian Wedding and Portrait Photographer based in Berlin","breadcrumb":{"@id":"https:\/\/www.giacomoastorri.com\/index.php\/events\/#breadcrumb"},"inLanguage":"en-US","potentialAction":[{"@type":"ReadAction","target":["https:\/\/www.giacomoastorri.com\/index.php\/events\/"]}]},{"@type":"BreadcrumbList","@id":"https:\/\/www.giacomoastorri.com\/index.php\/events\/#breadcrumb","itemListElement":[{"@type":"ListItem","position":1,"name":"Home","item":"https:\/\/www.giacomoastorri.com\/"},{"@type":"ListItem","position":2,"name":"Events"}]},{"@type":"WebSite","@id":"https:\/\/www.giacomoastorri.com\/#website","url":"https:\/\/www.giacomoastorri.com\/","name":"Giacomo Astorri Photography","description":"Photo and Video","publisher":{"@id":"https:\/\/www.giacomoastorri.com\/#\/schema\/person\/4f2ae3412bef29cb86dad4e7e7cfa4e8"},"potentialAction":[{"@type":"SearchAction","target":{"@type":"EntryPoint","urlTemplate":"https:\/\/www.giacomoastorri.com\/?s={search_term_string}"},"query-input":{"@type":"PropertyValueSpecification","valueRequired":true,"valueName":"search_term_string"}}],"inLanguage":"en-US"},{"@type":["Person","Organization"],"@id":"https:\/\/www.giacomoastorri.com\/#\/schema\/person\/4f2ae3412bef29cb86dad4e7e7cfa4e8","name":"admin","image":{"@type":"ImageObject","inLanguage":"en-US","@id":"https:\/\/www.giacomoastorri.com\/wp-content\/uploads\/2021\/12\/cropped-galogo2018-Kopie-1.png","url":"https:\/\/www.giacomoastorri.com\/wp-content\/uploads\/2021\/12\/cropped-galogo2018-Kopie-1.png","contentUrl":"https:\/\/www.giacomoastorri.com\/wp-content\/uploads\/2021\/12\/cropped-galogo2018-Kopie-1.png","width":304,"height":108,"caption":"admin"},"logo":{"@id":"https:\/\/www.giacomoastorri.com\/wp-content\/uploads\/2021\/12\/cropped-galogo2018-Kopie-1.png"}}]}},"_links":{"self":[{"href":"https:\/\/www.giacomoastorri.com\/index.php\/wp-json\/wp\/v2\/pages\/673","targetHints":{"allow":["GET"]}}],"collection":[{"href":"https:\/\/www.giacomoastorri.com\/index.php\/wp-json\/wp\/v2\/pages"}],"about":[{"href":"https:\/\/www.giacomoastorri.com\/index.php\/wp-json\/wp\/v2\/types\/page"}],"author":[{"embeddable":true,"href":"https:\/\/www.giacomoastorri.com\/index.php\/wp-json\/wp\/v2\/users\/1"}],"replies":[{"embeddable":true,"href":"https:\/\/www.giacomoastorri.com\/index.php\/wp-json\/wp\/v2\/comments?post=673"}],"version-history":[{"count":0,"href":"https:\/\/www.giacomoastorri.com\/index.php\/wp-json\/wp\/v2\/pages\/673\/revisions"}],"wp:attachment":[{"href":"https:\/\/www.giacomoastorri.com\/index.php\/wp-json\/wp\/v2\/media?parent=673"}],"curies":[{"name":"wp","href":"https:\/\/api.w.org\/{rel}","templated":true}]}}