{"id":1505,"date":"2022-03-30T09:02:55","date_gmt":"2022-03-30T09:02:55","guid":{"rendered":"https:\/\/www.giacomoastorri.com\/?page_id=1505"},"modified":"2024-05-06T14:32:36","modified_gmt":"2024-05-06T14:32:36","slug":"concerts","status":"publish","type":"page","link":"https:\/\/www.giacomoastorri.com\/index.php\/concerts\/","title":{"rendered":"Concerts"},"content":{"rendered":"\r\n<p style=\"text-align: center;\">ENG<br>Specializing in concert photography in the Munich and Murnau areas, I am dedicated to capturing the electrifying energy and raw emotion of live performances. With a passion for music and a keen eye for detail, let me immortalize the essence of your favorite artists and unforgettable moments in captivating imagery.<\/p>\r\n<p style=\"text-align: center;\">DE<br>Als Spezialist f\u00fcr Konzertfotografie in M\u00fcnchen und Murnau bin ich bestrebt, die elektrisierende Energie und rohe Emotion live auf der B\u00fchne einzufangen. Mit einer Leidenschaft f\u00fcr Musik und einem geschulten Auge f\u00fcr Details m\u00f6chte ich die Essenz Ihrer Lieblingsk\u00fcnstler und unvergessliche Momente in fesselnden Bildern verewigen.<\/p>\r\n<p style=\"text-align: center;\">&nbsp;<\/p>\r\n<p>&nbsp;<\/p>\r\nngg_shortcode_0_placeholder\r\n","protected":false},"excerpt":{"rendered":"","protected":false},"author":1,"featured_media":0,"parent":0,"menu_order":0,"comment_status":"closed","ping_status":"closed","template":"","meta":{"ngg_post_thumbnail":0,"footnotes":""},"class_list":["post-1505","page","type-page","status-publish","hentry"],"yoast_head":"<!-- This site is optimized with the Yoast SEO plugin v27.4 - https:\/\/yoast.com\/product\/yoast-seo-wordpress\/ -->\n<title>Live Concert Images<\/title>\n<meta name=\"description\" content=\"Italian Wedding and Portrait Photographer based in Berlin\" \/>\n<meta name=\"robots\" content=\"index, follow, max-snippet:-1, max-image-preview:large, max-video-preview:-1\" \/>\n<link rel=\"canonical\" href=\"https:\/\/www.giacomoastorri.com\/index.php\/concerts\/\" \/>\n<meta property=\"og:locale\" content=\"en_US\" \/>\n<meta property=\"og:type\" content=\"article\" \/>\n<meta property=\"og:title\" content=\"Live Concert Images\" \/>\n<meta property=\"og:description\" content=\"Italian Wedding and Portrait Photographer based in Berlin\" \/>\n<meta property=\"og:url\" content=\"https:\/\/www.giacomoastorri.com\/index.php\/concerts\/\" \/>\n<meta property=\"og:site_name\" content=\"Giacomo Astorri\" \/>\n<meta property=\"article:modified_time\" content=\"2024-05-06T14:32:36+00:00\" \/>\n<meta name=\"twitter:card\" content=\"summary_large_image\" \/>\n<meta name=\"twitter:site\" content=\"@giacomoast\" \/>\n<meta name=\"twitter:label1\" content=\"Est. reading time\" \/>\n\t<meta name=\"twitter:data1\" content=\"1 minute\" \/>\n<script type=\"application\/ld+json\" class=\"yoast-schema-graph\">{\"@context\":\"https:\\\/\\\/schema.org\",\"@graph\":[{\"@type\":\"WebPage\",\"@id\":\"https:\\\/\\\/www.giacomoastorri.com\\\/index.php\\\/concerts\\\/\",\"url\":\"https:\\\/\\\/www.giacomoastorri.com\\\/index.php\\\/concerts\\\/\",\"name\":\"Live Concert Images\",\"isPartOf\":{\"@id\":\"https:\\\/\\\/www.giacomoastorri.com\\\/#website\"},\"datePublished\":\"2022-03-30T09:02:55+00:00\",\"dateModified\":\"2024-05-06T14:32:36+00:00\",\"description\":\"Italian Wedding and Portrait Photographer based in Berlin\",\"breadcrumb\":{\"@id\":\"https:\\\/\\\/www.giacomoastorri.com\\\/index.php\\\/concerts\\\/#breadcrumb\"},\"inLanguage\":\"en-US\",\"potentialAction\":[{\"@type\":\"ReadAction\",\"target\":[\"https:\\\/\\\/www.giacomoastorri.com\\\/index.php\\\/concerts\\\/\"]}]},{\"@type\":\"BreadcrumbList\",\"@id\":\"https:\\\/\\\/www.giacomoastorri.com\\\/index.php\\\/concerts\\\/#breadcrumb\",\"itemListElement\":[{\"@type\":\"ListItem\",\"position\":1,\"name\":\"Home\",\"item\":\"https:\\\/\\\/www.giacomoastorri.com\\\/\"},{\"@type\":\"ListItem\",\"position\":2,\"name\":\"Concerts\"}]},{\"@type\":\"WebSite\",\"@id\":\"https:\\\/\\\/www.giacomoastorri.com\\\/#website\",\"url\":\"https:\\\/\\\/www.giacomoastorri.com\\\/\",\"name\":\"Giacomo Astorri Photography\",\"description\":\"Photo and Video\",\"publisher\":{\"@id\":\"https:\\\/\\\/www.giacomoastorri.com\\\/#\\\/schema\\\/person\\\/4f2ae3412bef29cb86dad4e7e7cfa4e8\"},\"potentialAction\":[{\"@type\":\"SearchAction\",\"target\":{\"@type\":\"EntryPoint\",\"urlTemplate\":\"https:\\\/\\\/www.giacomoastorri.com\\\/?s={search_term_string}\"},\"query-input\":{\"@type\":\"PropertyValueSpecification\",\"valueRequired\":true,\"valueName\":\"search_term_string\"}}],\"inLanguage\":\"en-US\"},{\"@type\":[\"Person\",\"Organization\"],\"@id\":\"https:\\\/\\\/www.giacomoastorri.com\\\/#\\\/schema\\\/person\\\/4f2ae3412bef29cb86dad4e7e7cfa4e8\",\"name\":\"admin\",\"image\":{\"@type\":\"ImageObject\",\"inLanguage\":\"en-US\",\"@id\":\"https:\\\/\\\/www.giacomoastorri.com\\\/wp-content\\\/uploads\\\/2021\\\/12\\\/cropped-galogo2018-Kopie-1.png\",\"url\":\"https:\\\/\\\/www.giacomoastorri.com\\\/wp-content\\\/uploads\\\/2021\\\/12\\\/cropped-galogo2018-Kopie-1.png\",\"contentUrl\":\"https:\\\/\\\/www.giacomoastorri.com\\\/wp-content\\\/uploads\\\/2021\\\/12\\\/cropped-galogo2018-Kopie-1.png\",\"width\":304,\"height\":108,\"caption\":\"admin\"},\"logo\":{\"@id\":\"https:\\\/\\\/www.giacomoastorri.com\\\/wp-content\\\/uploads\\\/2021\\\/12\\\/cropped-galogo2018-Kopie-1.png\"}}]}<\/script>\n<!-- \/ Yoast SEO plugin. -->","yoast_head_json":{"title":"Live Concert Images","description":"Italian Wedding and Portrait Photographer based in Berlin","robots":{"index":"index","follow":"follow","max-snippet":"max-snippet:-1","max-image-preview":"max-image-preview:large","max-video-preview":"max-video-preview:-1"},"canonical":"https:\/\/www.giacomoastorri.com\/index.php\/concerts\/","og_locale":"en_US","og_type":"article","og_title":"Live Concert Images","og_description":"Italian Wedding and Portrait Photographer based in Berlin","og_url":"https:\/\/www.giacomoastorri.com\/index.php\/concerts\/","og_site_name":"Giacomo Astorri","article_modified_time":"2024-05-06T14:32:36+00:00","twitter_card":"summary_large_image","twitter_site":"@giacomoast","twitter_misc":{"Est. reading time":"1 minute"},"schema":{"@context":"https:\/\/schema.org","@graph":[{"@type":"WebPage","@id":"https:\/\/www.giacomoastorri.com\/index.php\/concerts\/","url":"https:\/\/www.giacomoastorri.com\/index.php\/concerts\/","name":"Live Concert Images","isPartOf":{"@id":"https:\/\/www.giacomoastorri.com\/#website"},"datePublished":"2022-03-30T09:02:55+00:00","dateModified":"2024-05-06T14:32:36+00:00","description":"Italian Wedding and Portrait Photographer based in Berlin","breadcrumb":{"@id":"https:\/\/www.giacomoastorri.com\/index.php\/concerts\/#breadcrumb"},"inLanguage":"en-US","potentialAction":[{"@type":"ReadAction","target":["https:\/\/www.giacomoastorri.com\/index.php\/concerts\/"]}]},{"@type":"BreadcrumbList","@id":"https:\/\/www.giacomoastorri.com\/index.php\/concerts\/#breadcrumb","itemListElement":[{"@type":"ListItem","position":1,"name":"Home","item":"https:\/\/www.giacomoastorri.com\/"},{"@type":"ListItem","position":2,"name":"Concerts"}]},{"@type":"WebSite","@id":"https:\/\/www.giacomoastorri.com\/#website","url":"https:\/\/www.giacomoastorri.com\/","name":"Giacomo Astorri Photography","description":"Photo and Video","publisher":{"@id":"https:\/\/www.giacomoastorri.com\/#\/schema\/person\/4f2ae3412bef29cb86dad4e7e7cfa4e8"},"potentialAction":[{"@type":"SearchAction","target":{"@type":"EntryPoint","urlTemplate":"https:\/\/www.giacomoastorri.com\/?s={search_term_string}"},"query-input":{"@type":"PropertyValueSpecification","valueRequired":true,"valueName":"search_term_string"}}],"inLanguage":"en-US"},{"@type":["Person","Organization"],"@id":"https:\/\/www.giacomoastorri.com\/#\/schema\/person\/4f2ae3412bef29cb86dad4e7e7cfa4e8","name":"admin","image":{"@type":"ImageObject","inLanguage":"en-US","@id":"https:\/\/www.giacomoastorri.com\/wp-content\/uploads\/2021\/12\/cropped-galogo2018-Kopie-1.png","url":"https:\/\/www.giacomoastorri.com\/wp-content\/uploads\/2021\/12\/cropped-galogo2018-Kopie-1.png","contentUrl":"https:\/\/www.giacomoastorri.com\/wp-content\/uploads\/2021\/12\/cropped-galogo2018-Kopie-1.png","width":304,"height":108,"caption":"admin"},"logo":{"@id":"https:\/\/www.giacomoastorri.com\/wp-content\/uploads\/2021\/12\/cropped-galogo2018-Kopie-1.png"}}]}},"_links":{"self":[{"href":"https:\/\/www.giacomoastorri.com\/index.php\/wp-json\/wp\/v2\/pages\/1505","targetHints":{"allow":["GET"]}}],"collection":[{"href":"https:\/\/www.giacomoastorri.com\/index.php\/wp-json\/wp\/v2\/pages"}],"about":[{"href":"https:\/\/www.giacomoastorri.com\/index.php\/wp-json\/wp\/v2\/types\/page"}],"author":[{"embeddable":true,"href":"https:\/\/www.giacomoastorri.com\/index.php\/wp-json\/wp\/v2\/users\/1"}],"replies":[{"embeddable":true,"href":"https:\/\/www.giacomoastorri.com\/index.php\/wp-json\/wp\/v2\/comments?post=1505"}],"version-history":[{"count":0,"href":"https:\/\/www.giacomoastorri.com\/index.php\/wp-json\/wp\/v2\/pages\/1505\/revisions"}],"wp:attachment":[{"href":"https:\/\/www.giacomoastorri.com\/index.php\/wp-json\/wp\/v2\/media?parent=1505"}],"curies":[{"name":"wp","href":"https:\/\/api.w.org\/{rel}","templated":true}]}}